{"id":70,"date":"2020-05-30T03:47:46","date_gmt":"2020-05-30T03:47:46","guid":{"rendered":"https:\/\/cardioly-demo.pbminfotech.com\/demo1\/?page_id=12661"},"modified":"2026-04-07T10:52:58","modified_gmt":"2026-04-07T10:52:58","slug":"hakkimizda","status":"publish","type":"page","link":"https:\/\/drservetada.com\/en\/hakkimizda\/","title":{"rendered":"About Us"},"content":{"rendered":"<div data-elementor-type=\"wp-page\" data-elementor-id=\"70\" class=\"elementor elementor-70\">\n\t\t\t\t\t\t<div class=\"elementor-inner\">\n\t\t\t\t<div class=\"elementor-section-wrap\">\n\t\t\t\t\t\t\t\t\t<section class=\"elementor-section elementor-top-section elementor-element elementor-element-e084afd dsvy-bg-color-yes dsvy-elementor-bg-color-white elementor-section-content-middle dsvy-col-stretched-none dsvy-bg-color-over-image elementor-section-boxed elementor-section-height-default elementor-section-height-default\" data-id=\"e084afd\" data-element_type=\"section\">\n\t\t\t\t\t\t<div class=\"elementor-container elementor-column-gap-no\">\n\t\t\t\t\t\t\t<div class=\"elementor-row\">\n\t\t\t\t\t<div class=\"elementor-column elementor-col-50 elementor-top-column elementor-element elementor-element-4ed2f04 dsvy-bg-color-over-image\" data-id=\"4ed2f04\" data-element_type=\"column\">\n\t\t\t<div class=\"elementor-column-wrap elementor-element-populated\">\n\t\t\t\t\t\t\t<div class=\"elementor-widget-wrap\">\n\t\t\t\t\t\t<div class=\"elementor-element elementor-element-5d07282 elementor-widget elementor-widget-image\" data-id=\"5d07282\" data-element_type=\"widget\" data-widget_type=\"image.default\">\n\t\t\t\t<div class=\"elementor-widget-container\">\n\t\t\t\t\t\t\t\t<div class=\"elementor-image\">\n\t\t\t\t\t\t\t\t\t\t\t\t<img decoding=\"async\" src=\"https:\/\/drservetada.com\/wp-content\/uploads\/elementor\/thumbs\/drservetada-q23tlgo2ns1ae53vw38u5tq9p8cviekrus137vbkwc.jpeg\" title=\"drservetada\" alt=\"drservetada\" loading=\"lazy\" \/>\t\t\t\t\t\t\t\t\t\t\t\t\t\t<\/div>\n\t\t\t\t\t\t<\/div>\n\t\t\t\t<\/div>\n\t\t\t\t\t\t<\/div>\n\t\t\t\t\t<\/div>\n\t\t<\/div>\n\t\t\t\t<div class=\"elementor-column elementor-col-50 elementor-top-column elementor-element elementor-element-8d897e1 dsvy-bg-color-over-image\" data-id=\"8d897e1\" data-element_type=\"column\">\n\t\t\t<div class=\"elementor-column-wrap elementor-element-populated\">\n\t\t\t\t\t\t\t<div class=\"elementor-widget-wrap\">\n\t\t\t\t\t\t<div class=\"elementor-element elementor-element-0d6ad3f elementor-widget elementor-widget-text-editor\" data-id=\"0d6ad3f\" data-element_type=\"widget\" data-widget_type=\"text-editor.default\">\n\t\t\t\t<div class=\"elementor-widget-container\">\n\t\t\t\t\t\t\t\t<div class=\"elementor-text-editor elementor-clearfix\">\n\t\t\t\t<p>1978 y\u0131l\u0131nda Edirne&#8217;de do\u011fdum. \u0130lk ve orta \u00f6\u011frenimimi Edirne&#8217;de lise e\u011fitimimi ise Ankara Balgat End\u00fcstri Meslek Lisesinde tamamlad\u0131m. 1994-2000 y\u0131llar\u0131 aras\u0131nda Ankara \u00dcniversitesi T\u0131p Fak\u00fcltesindeki e\u011fitimimi bitirip doktor oldum. 2001 y\u0131l\u0131nda Trakya \u00dcniversitesi T\u0131p Fak\u00fcltesi Kulak Burun Bo\u011faz uzman\u0131 olarak mezun oldum. 2006 y\u0131l\u0131nda A\u011fr\u0131 Do\u011fubeyaz\u0131t il\u00e7esinde zorunlu hizmetimi tamamlad\u0131m. 2010 y\u0131l\u0131nda askerlik hizmetimi aste\u011fmen olarak bir y\u0131l s\u00fcreyle Bal\u0131kesir Asker Hastanesinde yapt\u0131m.\u00a0 Kendi bran\u015f\u0131mla ilgili b\u00fct\u00fcn ameliyatlar\u0131 yapmakla birlikte \u00f6zellikle rinoplasti ve revizyon rinoplasti ameliyatlar\u0131na yo\u011funla\u015ft\u0131m. Yurt i\u00e7inde ve yurt d\u0131\u015f\u0131nda (USA Chicago, \u0130talya Milano) pek \u00e7ok e\u011fitim ve kurslarda bulundum.\u00a0 20 y\u0131l s\u00fcreyle sa\u011fl\u0131k bakanl\u0131\u011f\u0131nda g\u00f6rev ald\u0131ktan sonra 2022 y\u0131l\u0131nda istifa ederek serbest \u00e7al\u0131\u015fmaya ba\u015flad\u0131m. Halen \u00f6zellikle yurtd\u0131\u015f\u0131ndan gelen hastalara olmak \u00fczere rinoplasti ve y\u00fcz gen\u00e7le\u015ftirme ameliyatlar\u0131na devam etmekteyim. Medikal estetik uygulamalar da di\u011fer bir ilgi alan\u0131md\u0131r. Y\u00fcze dolgu uygulamalar\u0131 ve ip ask\u0131 uygulamalar\u0131 yapmaktay\u0131m.<\/p>\t\t\t\t\t<\/div>\n\t\t\t\t\t\t<\/div>\n\t\t\t\t<\/div>\n\t\t\t\t<div class=\"elementor-element elementor-element-f680847 elementor-widget elementor-widget-progress\" data-id=\"f680847\" data-element_type=\"widget\" data-widget_type=\"progress.default\">\n\t\t\t\t<div class=\"elementor-widget-container\">\n\t\t\t\t\t\t<span class=\"elementor-title\">Customer Satisfaction<\/span>\n\t\t\n\t\t<div class=\"elementor-progress-wrapper\" role=\"progressbar\" aria-valuemin=\"0\" aria-valuemax=\"100\" aria-valuenow=\"100\" aria-valuetext=\"Web Designer\">\n\t\t\t<div class=\"elementor-progress-bar\" data-max=\"100\">\n\t\t\t\t<span class=\"elementor-progress-text\">Web Designer<\/span>\n\t\t\t\t\t\t\t\t\t<span class=\"elementor-progress-percentage\">100%<\/span>\n\t\t\t\t\t\t\t<\/div>\n\t\t<\/div>\n\t\t\t\t<\/div>\n\t\t\t\t<\/div>\n\t\t\t\t\t\t<\/div>\n\t\t\t\t\t<\/div>\n\t\t<\/div>\n\t\t\t\t\t\t\t\t<\/div>\n\t\t\t\t\t<\/div>\n\t\t<\/section>\n\t\t\t\t<section class=\"elementor-section elementor-top-section elementor-element elementor-element-431c9da elementor-section-stretched dsvy-fid-sep dsvy-bg-color-yes dsvy-elementor-bg-color-blackish dsvy-bg-image-over-color dsvy-col-stretched-none elementor-section-boxed elementor-section-height-default elementor-section-height-default\" data-id=\"431c9da\" data-element_type=\"section\" data-settings=\"{&quot;stretch_section&quot;:&quot;section-stretched&quot;,&quot;background_background&quot;:&quot;classic&quot;}\">\n\t\t\t\t\t\t\t<div class=\"elementor-background-overlay\"><\/div>\n\t\t\t\t\t\t\t<div class=\"elementor-container elementor-column-gap-no\">\n\t\t\t\t\t\t\t<div class=\"elementor-row\">\n\t\t\t\t\t<div class=\"elementor-column elementor-col-25 elementor-top-column elementor-element elementor-element-e3676b4 dsvy-bg-color-over-image\" data-id=\"e3676b4\" data-element_type=\"column\">\n\t\t\t<div class=\"elementor-column-wrap\">\n\t\t\t\t\t\t\t<div class=\"elementor-widget-wrap\">\n\t\t\t\t\t\t\t\t<\/div>\n\t\t\t\t\t<\/div>\n\t\t<\/div>\n\t\t\t\t<div class=\"elementor-column elementor-col-25 elementor-top-column elementor-element elementor-element-98201c8 dsvy-bg-color-over-image\" data-id=\"98201c8\" data-element_type=\"column\">\n\t\t\t<div class=\"elementor-column-wrap\">\n\t\t\t\t\t\t\t<div class=\"elementor-widget-wrap\">\n\t\t\t\t\t\t\t\t<\/div>\n\t\t\t\t\t<\/div>\n\t\t<\/div>\n\t\t\t\t<div class=\"elementor-column elementor-col-25 elementor-top-column elementor-element elementor-element-6908af9 dsvy-bg-color-over-image\" data-id=\"6908af9\" data-element_type=\"column\">\n\t\t\t<div class=\"elementor-column-wrap\">\n\t\t\t\t\t\t\t<div class=\"elementor-widget-wrap\">\n\t\t\t\t\t\t\t\t<\/div>\n\t\t\t\t\t<\/div>\n\t\t<\/div>\n\t\t\t\t<div class=\"elementor-column elementor-col-25 elementor-top-column elementor-element elementor-element-e2de4b1 dsvy-bg-color-over-image\" data-id=\"e2de4b1\" data-element_type=\"column\">\n\t\t\t<div class=\"elementor-column-wrap\">\n\t\t\t\t\t\t\t<div class=\"elementor-widget-wrap\">\n\t\t\t\t\t\t\t\t<\/div>\n\t\t\t\t\t<\/div>\n\t\t<\/div>\n\t\t\t\t\t\t\t\t<\/div>\n\t\t\t\t\t<\/div>\n\t\t<\/section>\n\t\t\t\t\t\t\t\t\t<\/div>\n\t\t\t<\/div>\n\t\t\t\t\t<\/div>","protected":false},"excerpt":{"rendered":"<p>1978 y\u0131l\u0131nda Edirne&#8217;de do\u011fdum. \u0130lk ve orta \u00f6\u011frenimimi Edirne&#8217;de lise e\u011fitimimi ise Ankara Balgat End\u00fcstri Meslek Lisesinde tamamlad\u0131m. 1994-2000 y\u0131llar\u0131 aras\u0131nda Ankara \u00dcniversitesi T\u0131p Fak\u00fcltesindeki e\u011fitimimi bitirip doktor oldum. 2001 y\u0131l\u0131nda Trakya \u00dcniversitesi T\u0131p Fak\u00fcltesi Kulak Burun Bo\u011faz uzman\u0131 olarak mezun oldum. 2006 y\u0131l\u0131nda A\u011fr\u0131 Do\u011fubeyaz\u0131t il\u00e7esinde zorunlu hizmetimi tamamlad\u0131m. 2010 y\u0131l\u0131nda askerlik hizmetimi aste\u011fmen olarak bir y\u0131l s\u00fcreyle Bal\u0131kesir Asker Hastanesinde yapt\u0131m.\u00a0 Kendi bran\u015f\u0131mla ilgili b\u00fct\u00fcn ameliyatlar\u0131 yapmakla birlikte[&hellip;]<\/p>","protected":false},"author":1,"featured_media":0,"parent":0,"menu_order":4,"comment_status":"closed","ping_status":"closed","template":"elementor_header_footer","meta":{"_acf_changed":false,"_joinchat":[],"footnotes":""},"class_list":["post-70","page","type-page","status-publish","hentry"],"acf":[],"_links":{"self":[{"href":"https:\/\/drservetada.com\/en\/wp-json\/wp\/v2\/pages\/70","targetHints":{"allow":["GET"]}}],"collection":[{"href":"https:\/\/drservetada.com\/en\/wp-json\/wp\/v2\/pages"}],"about":[{"href":"https:\/\/drservetada.com\/en\/wp-json\/wp\/v2\/types\/page"}],"author":[{"embeddable":true,"href":"https:\/\/drservetada.com\/en\/wp-json\/wp\/v2\/users\/1"}],"replies":[{"embeddable":true,"href":"https:\/\/drservetada.com\/en\/wp-json\/wp\/v2\/comments?post=70"}],"version-history":[{"count":47,"href":"https:\/\/drservetada.com\/en\/wp-json\/wp\/v2\/pages\/70\/revisions"}],"predecessor-version":[{"id":960,"href":"https:\/\/drservetada.com\/en\/wp-json\/wp\/v2\/pages\/70\/revisions\/960"}],"wp:attachment":[{"href":"https:\/\/drservetada.com\/en\/wp-json\/wp\/v2\/media?parent=70"}],"curies":[{"name":"wp","href":"https:\/\/api.w.org\/{rel}","templated":true}]}}